{"id":8287,"date":"2024-02-20T11:36:25","date_gmt":"2024-02-20T10:36:25","guid":{"rendered":"https:\/\/emtek.publitesa.es\/?page_id=8287"},"modified":"2024-05-08T16:29:56","modified_gmt":"2024-05-08T14:29:56","slug":"eficiencia-energetica","status":"publish","type":"page","link":"https:\/\/emtek.es\/es\/eficiencia-energetica\/","title":{"rendered":"Eficiencia energ\u00e9tica"},"content":{"rendered":"\t\t<div data-elementor-type=\"wp-page\" data-elementor-id=\"8287\" class=\"elementor elementor-8287 elementor-8286\" data-elementor-post-type=\"page\">\n\t\t\t\t\t\t\t\t\t<section class=\"elementor-section elementor-top-section elementor-element elementor-element-a36213e homecta1 elementor-section-boxed elementor-section-height-default elementor-section-height-default\" data-id=\"a36213e\" data-element_type=\"section\" data-settings=\"{&quot;background_background&quot;:&quot;classic&quot;}\">\n\t\t\t\t\t\t<div class=\"elementor-container elementor-column-gap-default\">\n\t\t\t\t\t<div class=\"elementor-column elementor-col-100 elementor-top-column elementor-element elementor-element-a36d027\" data-id=\"a36d027\" data-element_type=\"column\">\n\t\t\t<div class=\"elementor-widget-wrap elementor-element-populated\">\n\t\t\t\t\t\t\t\t<div class=\"elementor-element elementor-element-37c2967 mypagetith1 elementor-widget elementor-widget-heading\" data-id=\"37c2967\" data-element_type=\"widget\" data-widget_type=\"heading.default\">\n\t\t\t\t<div class=\"elementor-widget-container\">\n\t\t\t<style>\/*! elementor - v3.18.0 - 20-12-2023 *\/\n.elementor-heading-title{padding:0;margin:0;line-height:1}.elementor-widget-heading .elementor-heading-title[class*=elementor-size-]>a{color:inherit;font-size:inherit;line-height:inherit}.elementor-widget-heading .elementor-heading-title.elementor-size-small{font-size:15px}.elementor-widget-heading .elementor-heading-title.elementor-size-medium{font-size:19px}.elementor-widget-heading .elementor-heading-title.elementor-size-large{font-size:29px}.elementor-widget-heading .elementor-heading-title.elementor-size-xl{font-size:39px}.elementor-widget-heading .elementor-heading-title.elementor-size-xxl{font-size:59px}<\/style><h1 class=\"elementor-heading-title elementor-size-default\">Juntos, somos la herramienta m\u00e1s eficiente para combatir el cambio clim\u00e1tico<\/h1>\t\t<\/div>\n\t\t\t\t<\/div>\n\t\t\t\t<div class=\"elementor-element elementor-element-c8deb4f myefitoph2 elementor-widget elementor-widget-text-editor\" data-id=\"c8deb4f\" data-element_type=\"widget\" data-widget_type=\"text-editor.default\">\n\t\t\t\t<div class=\"elementor-widget-container\">\n\t\t\t<style>\/*! elementor - v3.18.0 - 20-12-2023 *\/\n.elementor-widget-text-editor.elementor-drop-cap-view-stacked .elementor-drop-cap{background-color:#69727d;color:#fff}.elementor-widget-text-editor.elementor-drop-cap-view-framed .elementor-drop-cap{color:#69727d;border:3px solid;background-color:transparent}.elementor-widget-text-editor:not(.elementor-drop-cap-view-default) .elementor-drop-cap{margin-top:8px}.elementor-widget-text-editor:not(.elementor-drop-cap-view-default) .elementor-drop-cap-letter{width:1em;height:1em}.elementor-widget-text-editor .elementor-drop-cap{float:left;text-align:center;line-height:1;font-size:50px}.elementor-widget-text-editor .elementor-drop-cap-letter{display:inline-block}<\/style>\t\t\t\t<h2>Energ\u00eda verde. Sostenibilidad. Energ\u00edas renovables<\/h2>\n\t\t\t\t\t\t<\/div>\n\t\t\t\t<\/div>\n\t\t\t\t\t<\/div>\n\t\t<\/div>\n\t\t\t\t\t\t\t<\/div>\n\t\t<\/section>\n\t\t\t\t<section class=\"elementor-section elementor-top-section elementor-element elementor-element-d3e159f elementor-section-boxed elementor-section-height-default elementor-section-height-default\" data-id=\"d3e159f\" data-element_type=\"section\" data-settings=\"{&quot;background_background&quot;:&quot;classic&quot;}\">\n\t\t\t\t\t\t<div class=\"elementor-container elementor-column-gap-default\">\n\t\t\t\t\t<div class=\"elementor-column elementor-col-50 elementor-top-column elementor-element elementor-element-dcfa4d5\" data-id=\"dcfa4d5\" data-element_type=\"column\" data-settings=\"{&quot;background_background&quot;:&quot;classic&quot;}\">\n\t\t\t<div class=\"elementor-widget-wrap elementor-element-populated\">\n\t\t\t\t\t<div class=\"elementor-background-overlay\"><\/div>\n\t\t\t\t\t\t\t\t<div class=\"elementor-element elementor-element-6c3acf8 elementor-widget elementor-widget-spacer\" data-id=\"6c3acf8\" data-element_type=\"widget\" data-widget_type=\"spacer.default\">\n\t\t\t\t<div class=\"elementor-widget-container\">\n\t\t\t<style>\/*! elementor - v3.18.0 - 20-12-2023 *\/\n.elementor-column .elementor-spacer-inner{height:var(--spacer-size)}.e-con{--container-widget-width:100%}.e-con-inner>.elementor-widget-spacer,.e-con>.elementor-widget-spacer{width:var(--container-widget-width,var(--spacer-size));--align-self:var(--container-widget-align-self,initial);--flex-shrink:0}.e-con-inner>.elementor-widget-spacer>.elementor-widget-container,.e-con>.elementor-widget-spacer>.elementor-widget-container{height:100%;width:100%}.e-con-inner>.elementor-widget-spacer>.elementor-widget-container>.elementor-spacer,.e-con>.elementor-widget-spacer>.elementor-widget-container>.elementor-spacer{height:100%}.e-con-inner>.elementor-widget-spacer>.elementor-widget-container>.elementor-spacer>.elementor-spacer-inner,.e-con>.elementor-widget-spacer>.elementor-widget-container>.elementor-spacer>.elementor-spacer-inner{height:var(--container-widget-height,var(--spacer-size))}.e-con-inner>.elementor-widget-spacer.elementor-widget-empty,.e-con>.elementor-widget-spacer.elementor-widget-empty{position:relative;min-height:22px;min-width:22px}.e-con-inner>.elementor-widget-spacer.elementor-widget-empty .elementor-widget-empty-icon,.e-con>.elementor-widget-spacer.elementor-widget-empty .elementor-widget-empty-icon{position:absolute;top:0;bottom:0;left:0;right:0;margin:auto;padding:0;width:22px;height:22px}<\/style>\t\t<div class=\"elementor-spacer\">\n\t\t\t<div class=\"elementor-spacer-inner\"><\/div>\n\t\t<\/div>\n\t\t\t\t<\/div>\n\t\t\t\t<\/div>\n\t\t\t\t\t<\/div>\n\t\t<\/div>\n\t\t\t\t<div class=\"elementor-column elementor-col-50 elementor-top-column elementor-element elementor-element-c902758\" data-id=\"c902758\" data-element_type=\"column\" data-settings=\"{&quot;background_background&quot;:&quot;classic&quot;}\">\n\t\t\t<div class=\"elementor-widget-wrap elementor-element-populated\">\n\t\t\t\t\t\t\t\t<div class=\"elementor-element elementor-element-38afc84 homebanners2txt elementor-widget elementor-widget-text-editor\" data-id=\"38afc84\" data-element_type=\"widget\" data-widget_type=\"text-editor.default\">\n\t\t\t\t<div class=\"elementor-widget-container\">\n\t\t\t\t\t\t\t<p>Como compa\u00f1\u00eda responsable y con una gran inquietud por la sostenibilidad, estamos comprometidos con la seguridad y el medio ambiente, por eso apostamos por las energ\u00edas renovables y la eficiencia energ\u00e9tica.<\/p>\n<p>Siguiendo con la directiva revisada sobre eficiencia energ\u00e9tica de la Uni\u00f3n Europea que incluye el objetivo de llegar a un nivel del 32,5% por el a\u00f1o 2030, en comparaci\u00f3n con el 20% fijado por el 2020, trabajamos con nuestro departamento de ingenier\u00eda para conseguir estos objetivos y seguir innovando.<\/p>\n<p>Contar con edificios m\u00e1s eficientes desde el punto de vista energ\u00e9tico nos permite ahorrar energ\u00eda, reducir las facturas y hacer frente a problemas de salud, reduciendo la contaminaci\u00f3n atmosf\u00e9rica y mejorando la calidad de vida de las personas. Ahorrar energ\u00eda es la manera m\u00e1s f\u00e1cil de reducir las emisiones de gases de efecto invernadero.<\/p>\n\t\t\t\t\t\t<\/div>\n\t\t\t\t<\/div>\n\t\t\t\t<div class=\"elementor-element elementor-element-606e7b3 myefiloguis1 elementor-widget elementor-widget-image\" data-id=\"606e7b3\" data-element_type=\"widget\" data-widget_type=\"image.default\">\n\t\t\t\t<div class=\"elementor-widget-container\">\n\t\t\t<style>\/*! elementor - v3.18.0 - 20-12-2023 *\/\n.elementor-widget-image{text-align:center}.elementor-widget-image a{display:inline-block}.elementor-widget-image a img[src$=\".svg\"]{width:48px}.elementor-widget-image img{vertical-align:middle;display:inline-block}<\/style>\t\t\t\t\t\t\t\t\t\t\t\t<img fetchpriority=\"high\" decoding=\"async\" width=\"548\" height=\"200\" src=\"https:\/\/emtek.es\/wp-content\/uploads\/2024\/02\/desarrollo-sostenido-emtek-lt1.png\" class=\"attachment-full size-full wp-image-8335\" alt=\"Objetivos de desarrollo sostenible\" srcset=\"https:\/\/emtek.es\/wp-content\/uploads\/2024\/02\/desarrollo-sostenido-emtek-lt1.png 548w, https:\/\/emtek.es\/wp-content\/uploads\/2024\/02\/desarrollo-sostenido-emtek-lt1-300x109.png 300w\" sizes=\"(max-width: 548px) 100vw, 548px\" \/>\t\t\t\t\t\t\t\t\t\t\t\t\t\t\t<\/div>\n\t\t\t\t<\/div>\n\t\t\t\t\t<\/div>\n\t\t<\/div>\n\t\t\t\t\t\t\t<\/div>\n\t\t<\/section>\n\t\t\t\t<section class=\"elementor-section elementor-top-section elementor-element elementor-element-a54e4fc homecta1 elementor-section-boxed elementor-section-height-default elementor-section-height-default\" data-id=\"a54e4fc\" data-element_type=\"section\" data-settings=\"{&quot;background_background&quot;:&quot;classic&quot;}\">\n\t\t\t\t\t\t<div class=\"elementor-container elementor-column-gap-default\">\n\t\t\t\t\t<div class=\"elementor-column elementor-col-100 elementor-top-column elementor-element elementor-element-de2260d\" data-id=\"de2260d\" data-element_type=\"column\">\n\t\t\t<div class=\"elementor-widget-wrap elementor-element-populated\">\n\t\t\t\t\t\t\t\t<div class=\"elementor-element elementor-element-1695aa8 homecta1 elementor-hidden-tablet elementor-hidden-mobile elementor-widget elementor-widget-vc_cta\" data-id=\"1695aa8\" data-element_type=\"widget\" data-widget_type=\"vc_cta.default\">\n\t\t\t\t<div class=\"elementor-widget-container\">\n\t\t\t\n<div class=\"ce_cta ce_cta_8def9ccdf0ff28446e6c202bdfd8debe ce_text_left  add_button_right btn_align_right btn_button_block_\" id=\"\">\n\t<div class=\"ce_cta__content\">\n\t\t<div class=\"ce_cta__content__header\">\n\t\t\t<h3  class='ce_cta__content__title '>\u00bfQuieres que te ayudemos a<br>ser m\u00e1s eficiente energ\u00e9ticamente?<\/h3>\t\t<\/div>\n\t\t\t<\/div>\n\n\t\t<div class=\"ce_cta__action\">\n\t\t<a\n\t\t\thref=\"tel:937834975\"\n\t\t\t\t\t\ttarget=\"_self\"\n\t\t\tclass=\"button\n\t\t\t\t\t\">\n\t\t\t<span>Llama ahora<\/span>\n\t\t\t\t\t<\/a>\n\t<\/div>\n\t<\/div>\n\t\t<\/div>\n\t\t\t\t<\/div>\n\t\t\t\t<div class=\"elementor-element elementor-element-a55204b homecta1 elementor-hidden-desktop elementor-widget elementor-widget-vc_cta\" data-id=\"a55204b\" data-element_type=\"widget\" data-widget_type=\"vc_cta.default\">\n\t\t\t\t<div class=\"elementor-widget-container\">\n\t\t\t\n<div class=\"ce_cta ce_cta_2010577c4811571e20c6c9d5da845c6e ce_text_left  add_button_right btn_align_right btn_button_block_\" id=\"\">\n\t<div class=\"ce_cta__content\">\n\t\t<div class=\"ce_cta__content__header\">\n\t\t\t<h3  class='ce_cta__content__title '>\u00bfQuieres que te ayudemos a ser m\u00e1s eficiente energ\u00e9ticamente?<\/h3>\t\t<\/div>\n\t\t\t<\/div>\n\n\t\t<div class=\"ce_cta__action\">\n\t\t<a\n\t\t\thref=\"tel:937834975\"\n\t\t\t\t\t\ttarget=\"_self\"\n\t\t\tclass=\"button\n\t\t\t\t\t\">\n\t\t\t<span>Llama ahora<\/span>\n\t\t\t\t\t<\/a>\n\t<\/div>\n\t<\/div>\n\t\t<\/div>\n\t\t\t\t<\/div>\n\t\t\t\t\t<\/div>\n\t\t<\/div>\n\t\t\t\t\t\t\t<\/div>\n\t\t<\/section>\n\t\t\t\t<section class=\"elementor-section elementor-top-section elementor-element elementor-element-c6b9f9b homeclients0 elementor-hidden-desktop elementor-hidden-tablet elementor-hidden-mobile elementor-section-boxed elementor-section-height-default elementor-section-height-default\" data-id=\"c6b9f9b\" data-element_type=\"section\" data-settings=\"{&quot;background_background&quot;:&quot;classic&quot;}\">\n\t\t\t\t\t\t<div class=\"elementor-container elementor-column-gap-default\">\n\t\t\t\t\t<div class=\"elementor-column elementor-col-100 elementor-top-column elementor-element elementor-element-7dba717\" data-id=\"7dba717\" data-element_type=\"column\">\n\t\t\t<div class=\"elementor-widget-wrap elementor-element-populated\">\n\t\t\t\t\t\t\t\t<div class=\"elementor-element elementor-element-c1d82d3 homeclients1 elementor-widget elementor-widget-heading\" data-id=\"c1d82d3\" data-element_type=\"widget\" data-widget_type=\"heading.default\">\n\t\t\t\t<div class=\"elementor-widget-container\">\n\t\t\t<h5 class=\"elementor-heading-title elementor-size-default\">Projectes<\/h5>\t\t<\/div>\n\t\t\t\t<\/div>\n\t\t<div class=\"elementor-element elementor-element-219e5e0 e-flex e-con-boxed e-con e-parent\" data-id=\"219e5e0\" data-element_type=\"container\" data-settings=\"{&quot;content_width&quot;:&quot;boxed&quot;}\" data-core-v316-plus=\"true\">\n\t\t\t\t\t<div class=\"e-con-inner\">\n\t\t<div class=\"elementor-element elementor-element-537f999 e-con-full e-flex e-con e-child\" data-id=\"537f999\" data-element_type=\"container\" data-settings=\"{&quot;content_width&quot;:&quot;full&quot;}\">\n\t\t\t\t<\/div>\n\t\t\t\t\t<\/div>\n\t\t\t\t<\/div>\n\t\t\t\t\t<\/div>\n\t\t<\/div>\n\t\t\t\t\t\t\t<\/div>\n\t\t<\/section>\n\t\t\t\t\t\t\t<\/div>\n\t\t","protected":false},"excerpt":{"rendered":"<p>Juntos, somos la herramienta m\u00e1s eficiente para combatir el cambio clim\u00e1tico Energ\u00eda verde. Sostenibilidad. Energ\u00edas renovables Como compa\u00f1\u00eda responsable y con una gran inquietud por la sostenibilidad, estamos comprometidos con la seguridad y el medio ambiente, por eso apostamos por las energ\u00edas renovables y la eficiencia energ\u00e9tica. Siguiendo con la directiva revisada sobre eficiencia energ\u00e9tica<\/p>\n","protected":false},"author":1,"featured_media":8290,"parent":0,"menu_order":0,"comment_status":"closed","ping_status":"closed","template":"","meta":{"footnotes":""},"yoast_head":"<!-- This site is optimized with the Yoast SEO plugin v21.9.1 - https:\/\/yoast.com\/wordpress\/plugins\/seo\/ -->\n<title>Eficiencia energ\u00e9tica, energ\u00eda verde &#8212; Emtek<\/title>\n<meta name=\"description\" content=\"Eficiencia energ\u00e9tica Emtek. La herramienta m\u00e1s eficiente para combatir el cambio clim\u00e1tico. Energ\u00eda verde. Sostenibilidad. Energ\u00edas renovables.\" \/>\n<meta name=\"robots\" content=\"index, follow, max-snippet:-1, max-image-preview:large, max-video-preview:-1\" \/>\n<link rel=\"canonical\" href=\"https:\/\/emtek.es\/eficiencia-energetica\/\" \/>\n<meta property=\"og:locale\" content=\"es_ES\" \/>\n<meta property=\"og:type\" content=\"article\" \/>\n<meta property=\"og:title\" content=\"Eficiencia energ\u00e9tica, energ\u00eda verde &#8212; Emtek\" \/>\n<meta property=\"og:description\" content=\"Eficiencia energ\u00e9tica Emtek. La herramienta m\u00e1s eficiente para combatir el cambio clim\u00e1tico. Energ\u00eda verde. Sostenibilidad. Energ\u00edas renovables.\" \/>\n<meta property=\"og:url\" content=\"https:\/\/emtek.es\/eficiencia-energetica\/\" \/>\n<meta property=\"og:site_name\" content=\"Emtek\" \/>\n<meta property=\"article:modified_time\" content=\"2024-05-08T14:29:56+00:00\" \/>\n<meta property=\"og:image\" content=\"https:\/\/emtek.es\/wp-content\/uploads\/2024\/02\/eficiencia-energetica-emtek-se1.jpg\" \/>\n\t<meta property=\"og:image:width\" content=\"1200\" \/>\n\t<meta property=\"og:image:height\" content=\"675\" \/>\n\t<meta property=\"og:image:type\" content=\"image\/jpeg\" \/>\n<meta name=\"twitter:card\" content=\"summary_large_image\" \/>\n<meta name=\"twitter:label1\" content=\"Tiempo de lectura\" \/>\n\t<meta name=\"twitter:data1\" content=\"1 minuto\" \/>\n<script type=\"application\/ld+json\" class=\"yoast-schema-graph\">{\"@context\":\"https:\/\/schema.org\",\"@graph\":[{\"@type\":\"WebPage\",\"@id\":\"https:\/\/emtek.es\/eficiencia-energetica\/\",\"url\":\"https:\/\/emtek.es\/eficiencia-energetica\/\",\"name\":\"Eficiencia energ\u00e9tica, energ\u00eda verde &#8212; Emtek\",\"isPartOf\":{\"@id\":\"https:\/\/emtek.es\/#website\"},\"datePublished\":\"2024-02-20T10:36:25+00:00\",\"dateModified\":\"2024-05-08T14:29:56+00:00\",\"description\":\"Eficiencia energ\u00e9tica Emtek. La herramienta m\u00e1s eficiente para combatir el cambio clim\u00e1tico. Energ\u00eda verde. Sostenibilidad. Energ\u00edas renovables.\",\"breadcrumb\":{\"@id\":\"https:\/\/emtek.es\/eficiencia-energetica\/#breadcrumb\"},\"inLanguage\":\"es\",\"potentialAction\":[{\"@type\":\"ReadAction\",\"target\":[\"https:\/\/emtek.es\/eficiencia-energetica\/\"]}]},{\"@type\":\"BreadcrumbList\",\"@id\":\"https:\/\/emtek.es\/eficiencia-energetica\/#breadcrumb\",\"itemListElement\":[{\"@type\":\"ListItem\",\"position\":1,\"name\":\"Inici\",\"item\":\"https:\/\/emtek.es\/es\/\"},{\"@type\":\"ListItem\",\"position\":2,\"name\":\"Eficiencia energ\u00e9tica\"}]},{\"@type\":\"WebSite\",\"@id\":\"https:\/\/emtek.es\/#website\",\"url\":\"https:\/\/emtek.es\/\",\"name\":\"Emtek\",\"description\":\"Instal\u00b7lacions i manteniments industrials\",\"publisher\":{\"@id\":\"https:\/\/emtek.es\/#organization\"},\"potentialAction\":[{\"@type\":\"SearchAction\",\"target\":{\"@type\":\"EntryPoint\",\"urlTemplate\":\"https:\/\/emtek.es\/?s={search_term_string}\"},\"query-input\":\"required name=search_term_string\"}],\"inLanguage\":\"es\"},{\"@type\":\"Organization\",\"@id\":\"https:\/\/emtek.es\/#organization\",\"name\":\"EMTEK\",\"url\":\"https:\/\/emtek.es\/\",\"logo\":{\"@type\":\"ImageObject\",\"inLanguage\":\"es\",\"@id\":\"https:\/\/emtek.es\/#\/schema\/logo\/image\/\",\"url\":\"https:\/\/emtek.es\/wp-content\/uploads\/2024\/01\/emtek-instalacions-terrassa-tl1.png\",\"contentUrl\":\"https:\/\/emtek.es\/wp-content\/uploads\/2024\/01\/emtek-instalacions-terrassa-tl1.png\",\"width\":520,\"height\":158,\"caption\":\"EMTEK\"},\"image\":{\"@id\":\"https:\/\/emtek.es\/#\/schema\/logo\/image\/\"}}]}<\/script>\n<!-- \/ Yoast SEO plugin. -->","yoast_head_json":{"title":"Eficiencia energ\u00e9tica, energ\u00eda verde &#8212; Emtek","description":"Eficiencia energ\u00e9tica Emtek. La herramienta m\u00e1s eficiente para combatir el cambio clim\u00e1tico. Energ\u00eda verde. Sostenibilidad. Energ\u00edas renovables.","robots":{"index":"index","follow":"follow","max-snippet":"max-snippet:-1","max-image-preview":"max-image-preview:large","max-video-preview":"max-video-preview:-1"},"canonical":"https:\/\/emtek.es\/eficiencia-energetica\/","og_locale":"es_ES","og_type":"article","og_title":"Eficiencia energ\u00e9tica, energ\u00eda verde &#8212; Emtek","og_description":"Eficiencia energ\u00e9tica Emtek. La herramienta m\u00e1s eficiente para combatir el cambio clim\u00e1tico. Energ\u00eda verde. Sostenibilidad. Energ\u00edas renovables.","og_url":"https:\/\/emtek.es\/eficiencia-energetica\/","og_site_name":"Emtek","article_modified_time":"2024-05-08T14:29:56+00:00","og_image":[{"width":1200,"height":675,"url":"https:\/\/emtek.es\/wp-content\/uploads\/2024\/02\/eficiencia-energetica-emtek-se1.jpg","type":"image\/jpeg"}],"twitter_card":"summary_large_image","twitter_misc":{"Tiempo de lectura":"1 minuto"},"schema":{"@context":"https:\/\/schema.org","@graph":[{"@type":"WebPage","@id":"https:\/\/emtek.es\/eficiencia-energetica\/","url":"https:\/\/emtek.es\/eficiencia-energetica\/","name":"Eficiencia energ\u00e9tica, energ\u00eda verde &#8212; Emtek","isPartOf":{"@id":"https:\/\/emtek.es\/#website"},"datePublished":"2024-02-20T10:36:25+00:00","dateModified":"2024-05-08T14:29:56+00:00","description":"Eficiencia energ\u00e9tica Emtek. La herramienta m\u00e1s eficiente para combatir el cambio clim\u00e1tico. Energ\u00eda verde. Sostenibilidad. Energ\u00edas renovables.","breadcrumb":{"@id":"https:\/\/emtek.es\/eficiencia-energetica\/#breadcrumb"},"inLanguage":"es","potentialAction":[{"@type":"ReadAction","target":["https:\/\/emtek.es\/eficiencia-energetica\/"]}]},{"@type":"BreadcrumbList","@id":"https:\/\/emtek.es\/eficiencia-energetica\/#breadcrumb","itemListElement":[{"@type":"ListItem","position":1,"name":"Inici","item":"https:\/\/emtek.es\/es\/"},{"@type":"ListItem","position":2,"name":"Eficiencia energ\u00e9tica"}]},{"@type":"WebSite","@id":"https:\/\/emtek.es\/#website","url":"https:\/\/emtek.es\/","name":"Emtek","description":"Instal\u00b7lacions i manteniments industrials","publisher":{"@id":"https:\/\/emtek.es\/#organization"},"potentialAction":[{"@type":"SearchAction","target":{"@type":"EntryPoint","urlTemplate":"https:\/\/emtek.es\/?s={search_term_string}"},"query-input":"required name=search_term_string"}],"inLanguage":"es"},{"@type":"Organization","@id":"https:\/\/emtek.es\/#organization","name":"EMTEK","url":"https:\/\/emtek.es\/","logo":{"@type":"ImageObject","inLanguage":"es","@id":"https:\/\/emtek.es\/#\/schema\/logo\/image\/","url":"https:\/\/emtek.es\/wp-content\/uploads\/2024\/01\/emtek-instalacions-terrassa-tl1.png","contentUrl":"https:\/\/emtek.es\/wp-content\/uploads\/2024\/01\/emtek-instalacions-terrassa-tl1.png","width":520,"height":158,"caption":"EMTEK"},"image":{"@id":"https:\/\/emtek.es\/#\/schema\/logo\/image\/"}}]}},"_links":{"self":[{"href":"https:\/\/emtek.es\/es\/wp-json\/wp\/v2\/pages\/8287"}],"collection":[{"href":"https:\/\/emtek.es\/es\/wp-json\/wp\/v2\/pages"}],"about":[{"href":"https:\/\/emtek.es\/es\/wp-json\/wp\/v2\/types\/page"}],"author":[{"embeddable":true,"href":"https:\/\/emtek.es\/es\/wp-json\/wp\/v2\/users\/1"}],"replies":[{"embeddable":true,"href":"https:\/\/emtek.es\/es\/wp-json\/wp\/v2\/comments?post=8287"}],"version-history":[{"count":5,"href":"https:\/\/emtek.es\/es\/wp-json\/wp\/v2\/pages\/8287\/revisions"}],"predecessor-version":[{"id":9239,"href":"https:\/\/emtek.es\/es\/wp-json\/wp\/v2\/pages\/8287\/revisions\/9239"}],"wp:featuredmedia":[{"embeddable":true,"href":"https:\/\/emtek.es\/es\/wp-json\/wp\/v2\/media\/8290"}],"wp:attachment":[{"href":"https:\/\/emtek.es\/es\/wp-json\/wp\/v2\/media?parent=8287"}],"curies":[{"name":"wp","href":"https:\/\/api.w.org\/{rel}","templated":true}]}}