{"id":8938,"date":"2024-02-26T08:38:38","date_gmt":"2024-02-26T07:38:38","guid":{"rendered":"https:\/\/emtek.publitesa.es\/ppr\/"},"modified":"2024-03-07T13:52:43","modified_gmt":"2024-03-07T12:52:43","slug":"ppr","status":"publish","type":"page","link":"https:\/\/emtek.es\/es\/ppr\/","title":{"rendered":"Pol\u00edtica de privacidad"},"content":{"rendered":"\t\t<div data-elementor-type=\"wp-page\" data-elementor-id=\"8938\" class=\"elementor elementor-8938 elementor-8875\" data-elementor-post-type=\"page\">\n\t\t\t\t\t\t\t\t\t<section class=\"elementor-section elementor-top-section elementor-element elementor-element-a36213e homecta1 elementor-section-boxed elementor-section-height-default elementor-section-height-default\" data-id=\"a36213e\" data-element_type=\"section\" data-settings=\"{&quot;background_background&quot;:&quot;classic&quot;}\">\n\t\t\t\t\t\t<div class=\"elementor-container elementor-column-gap-default\">\n\t\t\t\t\t<div class=\"elementor-column elementor-col-100 elementor-top-column elementor-element elementor-element-a36d027\" data-id=\"a36d027\" data-element_type=\"column\">\n\t\t\t<div class=\"elementor-widget-wrap elementor-element-populated\">\n\t\t\t\t\t\t\t\t\t<\/div>\n\t\t<\/div>\n\t\t\t\t\t\t\t<\/div>\n\t\t<\/section>\n\t\t\t\t<section class=\"elementor-section elementor-top-section elementor-element elementor-element-d3e159f elementor-section-boxed elementor-section-height-default elementor-section-height-default\" data-id=\"d3e159f\" data-element_type=\"section\" data-settings=\"{&quot;background_background&quot;:&quot;classic&quot;}\">\n\t\t\t\t\t\t<div class=\"elementor-container elementor-column-gap-default\">\n\t\t\t\t\t<div class=\"elementor-column elementor-col-100 elementor-top-column elementor-element elementor-element-dcfa4d5\" data-id=\"dcfa4d5\" data-element_type=\"column\" data-settings=\"{&quot;background_background&quot;:&quot;classic&quot;}\">\n\t\t\t<div class=\"elementor-widget-wrap elementor-element-populated\">\n\t\t\t\t\t\t<div class=\"elementor-element elementor-element-a30698b e-flex e-con-boxed e-con e-parent\" data-id=\"a30698b\" data-element_type=\"container\" data-settings=\"{&quot;content_width&quot;:&quot;boxed&quot;}\" data-core-v316-plus=\"true\">\n\t\t\t\t\t<div class=\"e-con-inner\">\n\t\t<div class=\"elementor-element elementor-element-2b4bb66 e-con-full e-flex e-con e-child\" data-id=\"2b4bb66\" data-element_type=\"container\" data-settings=\"{&quot;content_width&quot;:&quot;full&quot;}\">\n\t\t\t\t<div class=\"elementor-element elementor-element-70b7dc4 mylegaltxt1 elementor-widget elementor-widget-text-editor\" data-id=\"70b7dc4\" data-element_type=\"widget\" data-widget_type=\"text-editor.default\">\n\t\t\t\t<div class=\"elementor-widget-container\">\n\t\t\t<style>\/*! elementor - v3.18.0 - 20-12-2023 *\/\n.elementor-widget-text-editor.elementor-drop-cap-view-stacked .elementor-drop-cap{background-color:#69727d;color:#fff}.elementor-widget-text-editor.elementor-drop-cap-view-framed .elementor-drop-cap{color:#69727d;border:3px solid;background-color:transparent}.elementor-widget-text-editor:not(.elementor-drop-cap-view-default) .elementor-drop-cap{margin-top:8px}.elementor-widget-text-editor:not(.elementor-drop-cap-view-default) .elementor-drop-cap-letter{width:1em;height:1em}.elementor-widget-text-editor .elementor-drop-cap{float:left;text-align:center;line-height:1;font-size:50px}.elementor-widget-text-editor .elementor-drop-cap-letter{display:inline-block}<\/style>\t\t\t\t<h2>Informaci\u00f3n b\u00e1sica sobre protecci\u00f3n de datos<\/h2>\n<h3>Responsable del tratamiento<\/h3>\n<p>ELECTRO MARTEIX S.L., en adelante, EMTEK<\/p>\n<h3>Finalidad<\/h3>\n<p>\u2013 Prestaci\u00f3n del servicio contractado;<br \/>\u2013 Responder a preguntas planteadas a trav\u00e9s del formulario de contacto de la web;<br \/>\u2013 Tratamiento con finalidades comerciales, env\u00edo de ofertas, informaci\u00f3n y propuestas comerciales.<\/p>\n<h3>Legitimaci\u00f3n<\/h3>\n<p>Consentimiento del interesado, a excepci\u00f3n de determinados supuestos en los que exista inter\u00e9s leg\u00edtimo<\/p>\n<h3>Destinatarios<\/h3>\n<p>Sus datos ser\u00e1n tratados exclusivamente por EMTEK, a excepci\u00f3n de aquellos casos en los que la comunicaci\u00f3n de sus datos a terceros sea necesaria para poder cumplimentar el fin directamente relacionado con el servicio contratado.<\/p>\n<h3>Conservaci\u00f3n de los datos<\/h3>\n<p>Hasta la finalizaci\u00f3n del servicio o exista obligaci\u00f3n legal<\/p>\n<h3>Derechos<\/h3>\n<p>Acceder, rectificar y suprimir los datos, as\u00ed como otros derechos, como se explica en la informaci\u00f3n adicional.<\/p>\n<p>Presentar una reclamaci\u00f3n ante Autoridad de Control (<a href=\"http:\/\/www.agpd.es\/\" target=\"_blank\" rel=\"noopener noreferrer\">www.agpd.es<\/a>).<\/p>\n<h2>Informaci\u00f3n adicional sobre protecci\u00f3n de datos<\/h2>\n<h3>\u00bfQui\u00e9n es el responsable de tratamiento de tus datos?<\/h3>\n<p><strong>ELECTRO MARTEIX S.L.:<\/strong><br \/><strong>NIF\/CIF:<\/strong> B08682486<br \/><strong>Inscrita en el Registro Mercantil de Barcelona<\/strong>, Folio 47, Tomo 25097, Full numero B-83717.<br \/><strong>Domicilio social:\u00a0<\/strong>Carretera Castellar, 530 &#8211; 08227 Terrassa (Barcelona).<br \/><strong>Tel\u00e9fono:<\/strong> 93 783 49 75<br \/><strong>Correo electr\u00f3nico:<\/strong> info@emtek.es<\/p>\n<h3>\u00bfCon que finalidad tratamos sus datos?<\/h3>\n<ul>\n<li>Prestaci\u00f3n del servicio contractado;<\/li>\n<li>Responder a preguntas planteadas a trav\u00e9s del formulario de contacto de la web;<\/li>\n<li>Env\u00edo de comunicaciones comerciales y promocionales.<\/li>\n<\/ul>\n<h3>\u00bfCu\u00e1l es la legitimaci\u00f3n del tratamiento de sus datos?<\/h3>\n<ul>\n<li>Relaci\u00f3n contractual entre EMTEK y el usuario en el momento de la ejecuci\u00f3n del servicio contratado, basada en el inter\u00e9s leg\u00edtimo.<\/li>\n<li>Su consentimiento libre, espec\u00edfico, informado, inequ\u00edvoco.<\/li>\n<\/ul>\n<h3>\u00bfA qu\u00e9 destinatarios comunicamos sus datos?<\/h3>\n<p>Sus datos ser\u00e1n tratados exclusivamente por EMTEK con la siguiente excepci\u00f3n: los datos que nos proporcione podr\u00e1n ser comunicados a terceras entidades para el cumplimiento de fines directamente relacionados con el servicio contratado arriba indicados entre EMTEK y el cedente de los datos, como a las entidades u organismos a los que exista obligaci\u00f3n legal. No se producir\u00e1n transferencias a terceros pa\u00edses fuera de la Uni\u00f3n Europea sin que medie su consentimiento.<\/p>\n<h3>\u00bfCu\u00e1nto tiempo conservamos sus datos personales?<\/h3>\n<p>Los datos personales que nos facilite se conservar\u00e1n mientras haya un inter\u00e9s mutuo para mantener la finalidad del tratamiento, o cuando sea necesario conservarlas por raz\u00f3n de obligaciones legales. Cuando la conservaci\u00f3n ya no sea necesaria, se suprimir\u00e1n con las medidas de Seguridad adecuadas para garantizar la seudonimizaci\u00f3n de los datos o su destrucci\u00f3n total.<\/p>\n<h3>\u00bfCu\u00e1les son sus derechos cuando nos facilita sus datos personales?<\/h3>\n<ul>\n<li>Derecho a retirar el consentimiento en cualquier momento;<\/li>\n<li>Derecho a acceder, rectificar y suprimir los datos;<\/li>\n<li>Derecho de limitaci\u00f3n del uso u oposici\u00f3n del tratamiento de datos;<\/li>\n<li>Derecho a presentar una reclamaci\u00f3n ante la Autoridad de Control (<a href=\"http:\/\/www.agpd.es\/\" target=\"_blank\" rel=\"noopener noreferrer\">www.agpd.es<\/a>), si considera que el tratamiento no se ajusta a la normativa vigente.<\/li>\n<\/ul>\n<p>Descargue todos los modelos de ejercicio de derechos\u00a0<a href=\"https:\/\/emtek.es\/wp-content\/uploads\/2024\/01\/rgpdes.pdf\" target=\"_blank\" rel=\"noopener noreferrer\">aqu\u00ed<\/a>.<\/p>\n<p>Datos de contacto para ejercer sus derechos:<br \/>Carretera Castellar, 530 &#8211; 08227 Terrassa (Barcelona)<\/p>\n\t\t\t\t\t\t<\/div>\n\t\t\t\t<\/div>\n\t\t\t\t<\/div>\n\t\t\t\t\t<\/div>\n\t\t\t\t<\/div>\n\t\t\t\t\t<\/div>\n\t\t<\/div>\n\t\t\t\t\t\t\t<\/div>\n\t\t<\/section>\n\t\t\t\t\t\t\t<\/div>\n\t\t","protected":false},"excerpt":{"rendered":"<p>Informaci\u00f3n b\u00e1sica sobre protecci\u00f3n de datos Responsable del tratamiento ELECTRO MARTEIX S.L., en adelante, EMTEK Finalidad \u2013 Prestaci\u00f3n del servicio contractado;\u2013 Responder a preguntas planteadas a trav\u00e9s del formulario de contacto de la web;\u2013 Tratamiento con finalidades comerciales, env\u00edo de ofertas, informaci\u00f3n y propuestas comerciales. Legitimaci\u00f3n Consentimiento del interesado, a excepci\u00f3n de determinados supuestos en<\/p>\n","protected":false},"author":1,"featured_media":0,"parent":0,"menu_order":0,"comment_status":"closed","ping_status":"closed","template":"","meta":{"footnotes":""},"yoast_head":"<!-- This site is optimized with the Yoast SEO plugin v21.9.1 - https:\/\/yoast.com\/wordpress\/plugins\/seo\/ -->\n<title>Pol\u00edtica de privacidad &#8212; Emtek<\/title>\n<meta name=\"robots\" content=\"noindex, follow\" \/>\n<meta property=\"og:locale\" content=\"es_ES\" \/>\n<meta property=\"og:type\" content=\"article\" \/>\n<meta property=\"og:title\" content=\"Pol\u00edtica de privacidad &#8212; Emtek\" \/>\n<meta property=\"og:description\" content=\"Informaci\u00f3n b\u00e1sica sobre protecci\u00f3n de datos Responsable del tratamiento ELECTRO MARTEIX S.L., en adelante, EMTEK Finalidad \u2013 Prestaci\u00f3n del servicio contractado;\u2013 Responder a preguntas planteadas a trav\u00e9s del formulario de contacto de la web;\u2013 Tratamiento con finalidades comerciales, env\u00edo de ofertas, informaci\u00f3n y propuestas comerciales. Legitimaci\u00f3n Consentimiento del interesado, a excepci\u00f3n de determinados supuestos en\" \/>\n<meta property=\"og:url\" content=\"https:\/\/emtek.es\/es\/ppr\/\" \/>\n<meta property=\"og:site_name\" content=\"Emtek\" \/>\n<meta property=\"article:modified_time\" content=\"2024-03-07T12:52:43+00:00\" \/>\n<meta property=\"og:image\" content=\"https:\/\/emtek.es\/wp-content\/uploads\/2024\/01\/instalacions-manteniment-emtek-se1.jpg\" \/>\n\t<meta property=\"og:image:width\" content=\"1200\" \/>\n\t<meta property=\"og:image:height\" content=\"675\" \/>\n\t<meta property=\"og:image:type\" content=\"image\/jpeg\" \/>\n<meta name=\"twitter:card\" content=\"summary_large_image\" \/>\n<meta name=\"twitter:label1\" content=\"Tiempo de lectura\" \/>\n\t<meta name=\"twitter:data1\" content=\"3 minutos\" \/>\n<script type=\"application\/ld+json\" class=\"yoast-schema-graph\">{\"@context\":\"https:\/\/schema.org\",\"@graph\":[{\"@type\":\"WebPage\",\"@id\":\"https:\/\/emtek.es\/es\/ppr\/\",\"url\":\"https:\/\/emtek.es\/es\/ppr\/\",\"name\":\"Pol\u00edtica de privacidad &#8212; Emtek\",\"isPartOf\":{\"@id\":\"https:\/\/emtek.es\/#website\"},\"datePublished\":\"2024-02-26T07:38:38+00:00\",\"dateModified\":\"2024-03-07T12:52:43+00:00\",\"breadcrumb\":{\"@id\":\"https:\/\/emtek.es\/es\/ppr\/#breadcrumb\"},\"inLanguage\":\"es\",\"potentialAction\":[{\"@type\":\"ReadAction\",\"target\":[\"https:\/\/emtek.es\/es\/ppr\/\"]}]},{\"@type\":\"BreadcrumbList\",\"@id\":\"https:\/\/emtek.es\/es\/ppr\/#breadcrumb\",\"itemListElement\":[{\"@type\":\"ListItem\",\"position\":1,\"name\":\"Inici\",\"item\":\"https:\/\/emtek.es\/es\/\"},{\"@type\":\"ListItem\",\"position\":2,\"name\":\"Pol\u00edtica de privacidad\"}]},{\"@type\":\"WebSite\",\"@id\":\"https:\/\/emtek.es\/#website\",\"url\":\"https:\/\/emtek.es\/\",\"name\":\"Emtek\",\"description\":\"Instal\u00b7lacions i manteniments industrials\",\"publisher\":{\"@id\":\"https:\/\/emtek.es\/#organization\"},\"potentialAction\":[{\"@type\":\"SearchAction\",\"target\":{\"@type\":\"EntryPoint\",\"urlTemplate\":\"https:\/\/emtek.es\/?s={search_term_string}\"},\"query-input\":\"required name=search_term_string\"}],\"inLanguage\":\"es\"},{\"@type\":\"Organization\",\"@id\":\"https:\/\/emtek.es\/#organization\",\"name\":\"EMTEK\",\"url\":\"https:\/\/emtek.es\/\",\"logo\":{\"@type\":\"ImageObject\",\"inLanguage\":\"es\",\"@id\":\"https:\/\/emtek.es\/#\/schema\/logo\/image\/\",\"url\":\"https:\/\/emtek.es\/wp-content\/uploads\/2024\/01\/emtek-instalacions-terrassa-tl1.png\",\"contentUrl\":\"https:\/\/emtek.es\/wp-content\/uploads\/2024\/01\/emtek-instalacions-terrassa-tl1.png\",\"width\":520,\"height\":158,\"caption\":\"EMTEK\"},\"image\":{\"@id\":\"https:\/\/emtek.es\/#\/schema\/logo\/image\/\"}}]}<\/script>\n<!-- \/ Yoast SEO plugin. -->","yoast_head_json":{"title":"Pol\u00edtica de privacidad &#8212; Emtek","robots":{"index":"noindex","follow":"follow"},"og_locale":"es_ES","og_type":"article","og_title":"Pol\u00edtica de privacidad &#8212; Emtek","og_description":"Informaci\u00f3n b\u00e1sica sobre protecci\u00f3n de datos Responsable del tratamiento ELECTRO MARTEIX S.L., en adelante, EMTEK Finalidad \u2013 Prestaci\u00f3n del servicio contractado;\u2013 Responder a preguntas planteadas a trav\u00e9s del formulario de contacto de la web;\u2013 Tratamiento con finalidades comerciales, env\u00edo de ofertas, informaci\u00f3n y propuestas comerciales. Legitimaci\u00f3n Consentimiento del interesado, a excepci\u00f3n de determinados supuestos en","og_url":"https:\/\/emtek.es\/es\/ppr\/","og_site_name":"Emtek","article_modified_time":"2024-03-07T12:52:43+00:00","og_image":[{"width":1200,"height":675,"url":"https:\/\/emtek.es\/wp-content\/uploads\/2024\/01\/instalacions-manteniment-emtek-se1.jpg","type":"image\/jpeg"}],"twitter_card":"summary_large_image","twitter_misc":{"Tiempo de lectura":"3 minutos"},"schema":{"@context":"https:\/\/schema.org","@graph":[{"@type":"WebPage","@id":"https:\/\/emtek.es\/es\/ppr\/","url":"https:\/\/emtek.es\/es\/ppr\/","name":"Pol\u00edtica de privacidad &#8212; Emtek","isPartOf":{"@id":"https:\/\/emtek.es\/#website"},"datePublished":"2024-02-26T07:38:38+00:00","dateModified":"2024-03-07T12:52:43+00:00","breadcrumb":{"@id":"https:\/\/emtek.es\/es\/ppr\/#breadcrumb"},"inLanguage":"es","potentialAction":[{"@type":"ReadAction","target":["https:\/\/emtek.es\/es\/ppr\/"]}]},{"@type":"BreadcrumbList","@id":"https:\/\/emtek.es\/es\/ppr\/#breadcrumb","itemListElement":[{"@type":"ListItem","position":1,"name":"Inici","item":"https:\/\/emtek.es\/es\/"},{"@type":"ListItem","position":2,"name":"Pol\u00edtica de privacidad"}]},{"@type":"WebSite","@id":"https:\/\/emtek.es\/#website","url":"https:\/\/emtek.es\/","name":"Emtek","description":"Instal\u00b7lacions i manteniments industrials","publisher":{"@id":"https:\/\/emtek.es\/#organization"},"potentialAction":[{"@type":"SearchAction","target":{"@type":"EntryPoint","urlTemplate":"https:\/\/emtek.es\/?s={search_term_string}"},"query-input":"required name=search_term_string"}],"inLanguage":"es"},{"@type":"Organization","@id":"https:\/\/emtek.es\/#organization","name":"EMTEK","url":"https:\/\/emtek.es\/","logo":{"@type":"ImageObject","inLanguage":"es","@id":"https:\/\/emtek.es\/#\/schema\/logo\/image\/","url":"https:\/\/emtek.es\/wp-content\/uploads\/2024\/01\/emtek-instalacions-terrassa-tl1.png","contentUrl":"https:\/\/emtek.es\/wp-content\/uploads\/2024\/01\/emtek-instalacions-terrassa-tl1.png","width":520,"height":158,"caption":"EMTEK"},"image":{"@id":"https:\/\/emtek.es\/#\/schema\/logo\/image\/"}}]}},"_links":{"self":[{"href":"https:\/\/emtek.es\/es\/wp-json\/wp\/v2\/pages\/8938"}],"collection":[{"href":"https:\/\/emtek.es\/es\/wp-json\/wp\/v2\/pages"}],"about":[{"href":"https:\/\/emtek.es\/es\/wp-json\/wp\/v2\/types\/page"}],"author":[{"embeddable":true,"href":"https:\/\/emtek.es\/es\/wp-json\/wp\/v2\/users\/1"}],"replies":[{"embeddable":true,"href":"https:\/\/emtek.es\/es\/wp-json\/wp\/v2\/comments?post=8938"}],"version-history":[{"count":1,"href":"https:\/\/emtek.es\/es\/wp-json\/wp\/v2\/pages\/8938\/revisions"}],"predecessor-version":[{"id":9100,"href":"https:\/\/emtek.es\/es\/wp-json\/wp\/v2\/pages\/8938\/revisions\/9100"}],"wp:attachment":[{"href":"https:\/\/emtek.es\/es\/wp-json\/wp\/v2\/media?parent=8938"}],"curies":[{"name":"wp","href":"https:\/\/api.w.org\/{rel}","templated":true}]}}